{"id":2922,"date":"2018-03-28T21:25:35","date_gmt":"2018-03-28T18:25:35","guid":{"rendered":"https:\/\/eero.storijapan.net\/docfolio\/?page_id=2922"},"modified":"2022-01-14T18:35:09","modified_gmt":"2022-01-14T16:35:09","slug":"labor","status":"publish","type":"page","link":"https:\/\/eero.storijapan.net\/docfolio\/labor\/","title":{"rendered":"Labor"},"content":{"rendered":"<h3>Creative Liaison.<\/h3>\n<p>I often work for other contemporary artists and culture productions. I build installations and make media-artworks, organize logistics, communications and build exhibitions. Before starting with arts I trained as a cabinet maker and I have over fifteen years of work experience in the fields of contemporary art and culture.<\/p>\n<p>My best asset is that I can provide a critical, yet constructive perspective to the productions I participate in. This means that I don\u2019t merely arrange details. I enjoy participating in the production in the fullest extent.<\/p>\n<p>I\u2019ve often taken on the tasks of documenting events and researching production related sources. I have also designed pedagogical content for exhibitions, run performance- and crafts workshops and worked as technical supervisor at live-art events.<\/p>\n<p>I\u2019m based in Helsinki but I have strong connections to other major cities in Finland. If you are interested in hooking up with creative people outside of the metropolitan area get in touch.<\/p>\n<ul>\n<li>Over 50 exhibition productions around Finland<\/li>\n<li>Educational work and public presentations<\/li>\n<li>Curatorial work<\/li>\n<li>Sole trader since 2011<\/li>\n<li>Collaborations with associations and museums\n<ul>\n<li><a href=\"http:\/\/eero.storijapan.net\/kemin-reseptit\/\">Heimo Kemi (for Kiasma)<\/a><\/li>\n<li><a href=\"https:\/\/eero.storijapan.net\/docfolio\/portfolio\/hear-and-there-2016\/\">Hear and There+<\/a> (for IHME Contemporary Art Festival)<\/li>\n<\/ul>\n<\/li>\n<li>Writing; Critiques and columns\n<ul>\n<li><a href=\"https:\/\/no-niin.com\/issue-5\/our-efforts-to-show-solidarity-for-palestine-are-tested-at-kiasma\/\">Our efforts to show solidarity for Palestine are tested at Kiasma<\/a> (2021)<\/li>\n<li><a href=\"https:\/\/eero.storijapan.net\/docfolio\/wp-content\/uploads\/2014\/03\/20140224_gastroeconomy_eero-yli-vakkuri_c_a4-print-ready-for-a6_148x105mm_e-1-a_framer-magazine-to-booklet_doc.pdf\">Gastroeconomy 2014<\/a><\/li>\n<li><a href=\"https:\/\/eero.storijapan.net\/docfolio\/category\/english\/publications\/\">Eeros&#8217; Error \u2013 Framer Magazine<\/a> (Issues 1#, 2#)<\/li>\n<\/ul>\n<\/li>\n<li>Documentaries, music videos and cameo appearances\n<ul>\n<li>Documentarist <a href=\"https:\/\/www.youtube.com\/playlist?list=PL7kYFXbe_q0pIo1XMU8GwfhriyUbe754X\">Grey Cube Gallery 2016<\/a><\/li>\n<li><a href=\"https:\/\/www.youtube.com\/watch?v=Ad_djPifNZw\">Record Singers (30min)<\/a> 2012<\/li>\n<li><a href=\"https:\/\/vimeo.com\/52840003\">Kotimaan teknokatsaus 4<\/a> 2012<\/li>\n<li><a href=\"https:\/\/vimeo.com\/32786485\">Sepp\u00e4 Jesse Sipola<\/a> 2011<\/li>\n<li><a href=\"https:\/\/vimeo.com\/48726988\">Kotimaan teknokatsaus 3<\/a> 2011<\/li>\n<li><a href=\"https:\/\/vimeo.com\/12301905\">Kotimaan teknokatsaus 2<\/a> 2010<\/li>\n<\/ul>\n<\/li>\n<li>Public Art and Art on Demand.\n<ul>\n<li><a href=\"http:\/\/oree.storijapan.net\/praxis\/p3rm46r4ff171\/\">p3rm46r4ff171<\/a> (2021)<\/li>\n<\/ul>\n<\/li>\n<\/ul>\n<hr \/>\n<h3>Taiteilija tuottaja.<\/h3>\n<p>Toimin ammatikseni nykytaiteilijoiden ja taidetuotantojen assistenttina. Toimiini kuuluu installaatioiden ja mediateosten valmistaminen, logistiikka, viestint\u00e4 sek\u00e4 n\u00e4yttelyiden ripustus. Kaikkiaan kokemusta taide- ja kulttuurialan teht\u00e4vist\u00e4 on kertynyt viitisentoista vuotta.<\/p>\n<p>Kun aikataulut sallivat hankaloitan mielell\u00e4ni asioita tarjoten tuotantoihin kriittisen n\u00e4k\u00f6kulman. En siis yksinomaan valmista teoksia tai j\u00e4rjestele yksityiskohtia vaan osallistu mielell\u00e4ni koko tapahtuman, julkaisun tai n\u00e4yttelyn tuotantoprosessiin.<\/p>\n<p>Teht\u00e4viin on usein lukeutunut my\u00f6s markkinointia, tapahtumien dokumentaatiota sek\u00e4 tuotantoa tukevaa tutkimuksellista ty\u00f6t\u00e4. Olen my\u00f6s suunnitellut taiden\u00e4yttelyiden pedagogisia sis\u00e4lt\u00f6j\u00e4, esitystaiteisiin keskittyneit\u00e4 ty\u00f6pajoja, k\u00e4sity\u00f6kursseja sek\u00e4 toiminut av\/tietoteknisen\u00e4 vastuuhenkil\u00f6n\u00e4.<\/p>\n<p>Eik\u00e4 siin\u00e4 viel\u00e4 kaikki! Olen my\u00f6s k\u00e4ynyt ulkomailla ja mulla on omat ty\u00f6kalut. Ennen taidealalle siirtymist\u00e4 kouluttauduin puusep\u00e4ksi. Yksityiskohtainen ty\u00f6historia pyynn\u00f6st\u00e4. Ota yhteytt\u00e4.<\/p>\n<ul>\n<li>Opetusty\u00f6t\u00e4 ja seminaaripuheenvuoroja\n<ul>\n<li><a href=\"https:\/\/eero.storijapan.net\/docfolio\/category\/suomeksi\/opetus\/\">Yhteenvetoja eri opetusteht\u00e4vist\u00e4<\/a><\/li>\n<li><a href=\"https:\/\/eero.storijapan.net\/docfolio\/fi-puheenvuoro-hollo-instituutin-seminaarissa\/\">Muovin kanssa el\u00e4misest\u00e4 Hollo-instituutti 2017<\/a><\/li>\n<\/ul>\n<\/li>\n<li>Kuratoriaalisia projekteja<\/li>\n<li>Toiminimi vuodesta 2011<\/li>\n<li>Museo- ja j\u00e4rjest\u00f6yhteisty\u00f6t\u00e4\n<ul>\n<li><a href=\"http:\/\/eero.storijapan.net\/kemin-reseptit\/\">Heimo Kemi<\/a> (Kiasma) 2013<\/li>\n<li><a href=\"https:\/\/www.youtube.com\/watch?v=ISGkwc22hKI\">Mit\u00e4 kuulu+<\/a> (IHME Contemporary Art Festival) 2016<\/li>\n<\/ul>\n<\/li>\n<li>Kirjoitusty\u00f6n\u00e4; kritiikkej\u00e4 sek\u00e4 kolumneja\n<ul>\n<li><a href=\"https:\/\/eero.storijapan.net\/docfolio\/tag\/julkaisut\/\">Valikoima julkaistuja tekstej\u00e4<\/a><\/li>\n<li><a href=\"https:\/\/eero.storijapan.net\/docfolio\/wp-content\/uploads\/2014\/03\/20140224_gastroeconomy_eero-yli-vakkuri_c_a4-print-ready-for-a6_148x105mm_e-1-a_framer-magazine-to-booklet_doc.pdf\">Gastroeconomy 2014<\/a><\/li>\n<\/ul>\n<\/li>\n<li>Dokumentteja, musiikkivideoita ja toimitusty\u00f6t\u00e4\n<ul>\n<li>Tapahtumadokumentaatiot <a href=\"https:\/\/www.youtube.com\/playlist?list=PL7kYFXbe_q0pIo1XMU8GwfhriyUbe754X\">Grey Cube Gallery<\/a> 2016<\/li>\n<li><a href=\"https:\/\/www.youtube.com\/watch?v=Ad_djPifNZw\">Record Singers (30min)<\/a> 2012<\/li>\n<li><a href=\"https:\/\/vimeo.com\/52840003\">Kotimaan teknokatsaus 4<\/a> 2012<\/li>\n<li><a href=\"https:\/\/vimeo.com\/32786485\">Sepp\u00e4 Jesse Sipola<\/a> 2011<\/li>\n<li><a href=\"https:\/\/vimeo.com\/48726988\">Kotimaan teknokatsaus 3<\/a> 2011<\/li>\n<li><a href=\"https:\/\/vimeo.com\/12301905\">Kotimaan teknokatsaus 2<\/a> 2010<\/li>\n<\/ul>\n<\/li>\n<li>Julkista taidetta ja taidetta tilauksesta.\n<ul>\n<li><a href=\"http:\/\/oree.storijapan.net\/praxis\/p3rm46r4ff171\/\">p3rm46r4ff171<\/a> 2021<\/li>\n<\/ul>\n<\/li>\n<\/ul>\n","protected":false},"excerpt":{"rendered":"<p>Creative Liaison. I often work for other contemporary artists and culture productions. I build installations and make media-artworks, organize logistics, communications and build exhibitions. Before starting with arts I trained as a cabinet maker and I have over fifteen years of work experience in the fields of contemporary art and culture. My best asset is &hellip; <\/p>\n<p class=\"link-more\"><a href=\"https:\/\/eero.storijapan.net\/docfolio\/labor\/\" class=\"more-link\">Continue reading<span class=\"screen-reader-text\"> &#8220;Labor&#8221;<\/span><\/a><\/p>\n","protected":false},"author":1,"featured_media":0,"parent":0,"menu_order":0,"comment_status":"closed","ping_status":"closed","template":"","meta":{"jetpack_post_was_ever_published":false,"footnotes":""},"class_list":["post-2922","page","type-page","status-publish","hentry"],"jetpack_sharing_enabled":true,"_links":{"self":[{"href":"https:\/\/eero.storijapan.net\/docfolio\/wp-json\/wp\/v2\/pages\/2922","targetHints":{"allow":["GET"]}}],"collection":[{"href":"https:\/\/eero.storijapan.net\/docfolio\/wp-json\/wp\/v2\/pages"}],"about":[{"href":"https:\/\/eero.storijapan.net\/docfolio\/wp-json\/wp\/v2\/types\/page"}],"author":[{"embeddable":true,"href":"https:\/\/eero.storijapan.net\/docfolio\/wp-json\/wp\/v2\/users\/1"}],"replies":[{"embeddable":true,"href":"https:\/\/eero.storijapan.net\/docfolio\/wp-json\/wp\/v2\/comments?post=2922"}],"version-history":[{"count":0,"href":"https:\/\/eero.storijapan.net\/docfolio\/wp-json\/wp\/v2\/pages\/2922\/revisions"}],"wp:attachment":[{"href":"https:\/\/eero.storijapan.net\/docfolio\/wp-json\/wp\/v2\/media?parent=2922"}],"curies":[{"name":"wp","href":"https:\/\/api.w.org\/{rel}","templated":true}]}}