{"id":3778,"date":"2018-06-19T10:41:28","date_gmt":"2018-06-19T07:41:28","guid":{"rendered":"https:\/\/eero.storijapan.net\/docfolio\/?page_id=3778"},"modified":"2019-07-01T22:12:11","modified_gmt":"2019-07-01T19:12:11","slug":"privacy-policy","status":"publish","type":"page","link":"https:\/\/eero.storijapan.net\/docfolio\/privacy-policy\/","title":{"rendered":"Privacy Policy"},"content":{"rendered":"<h2>Who we are \/ <span style=\"color: #000080;\">Kuka t\u00e4t\u00e4 sivua pit\u00e4\u00e4<\/span><\/h2>\n<p>Our website address is: https:\/\/eero.storijapan.net\/docfolio.<\/p>\n<p><span style=\"color: #000080;\">T\u00e4n verkkosivun osoite on\u00a0https:\/\/eero.storijapan.net\/docfolio ja sit\u00e4 pit\u00e4\u00e4 Eero itse Louhi.net serverill\u00e4 joka on vuokrattu. Vuokraserveri sijaitsee vissiin Lauttasaaressa.<\/span><\/p>\n<h2>What personal data we collect and why we collect it \/ <span style=\"color: #000080;\">Mit\u00e4 k\u00e4ytt\u00e4j\u00e4tietoja t\u00e4m\u00e4 WordPress asennus ker\u00e4\u00e4\u00a0 ja mihin niit\u00e4 k\u00e4ytet\u00e4\u00e4n<\/span><\/h2>\n<h3>Comments \/ <span style=\"color: #000080;\">Kommentit<\/span><\/h3>\n<p>When visitors leave comments on the site we collect the data shown in the comments form, and also the visitor\u2019s IP address and browser user agent string to help spam detection.<\/p>\n<p>An anonymized string created from your email address (also called a hash) may be provided to the Gravatar service to see if you are using it. The Gravatar service privacy policy is available here: https:\/\/automattic.com\/privacy\/. After approval of your comment, your profile picture is visible to the public in the context of your comment.<\/p>\n<p><span style=\"color: #000080;\">Kun j\u00e4t\u00e4t kommentin t\u00e4lle sivulle niin se kommentti j\u00e4\u00e4 tietty talteen WordPressin tietokantaan. Lis\u00e4ksi kommentoijan IP osoite ja tieto siit\u00e4 mit\u00e4 selainta k\u00e4yt\u00e4t tallennetaan. T\u00e4ll\u00e4 pyrit\u00e4\u00e4n ehk\u00e4isem\u00e4\u00e4n spammi\u00e4.<\/span><\/p>\n<p><span style=\"color: #000080;\">S\u00e4hk\u00f6postiosoite jota k\u00e4yt\u00e4t kommentin tekemiseen saatetaan v\u00e4litt\u00e4\u00e4 (salattuna) Gravatar palveluun (mik\u00e4li k\u00e4yt\u00e4t sit\u00e4). Gravatar palvelusta saa lis\u00e4\u00e4 tietoja t\u00e4\u00e4lt\u00e4:\u00a0https:\/\/automattic.com\/privacy\/. Kun sun kommentti hyv\u00e4ksyt\u00e4\u00e4n niin sun Gravatar kuva (jos sulla on sellainen) n\u00e4ytet\u00e4\u00e4n kommentin yhteydess\u00e4. M\u00e4 luulen ett\u00e4 ton\u00a0Gravatar homman p\u00e4iv\u00e4t on luettu. Se ei oikein koskaan yleistynyt.<\/span><\/p>\n<h3>Media \/ <span style=\"color: #000080;\">Kuvat, videot ja \u00e4\u00e4nitteet<\/span><\/h3>\n<p>If you upload images to the website, you should avoid uploading images with embedded location data (EXIF GPS) included. Visitors to the website can download and extract any location data from images on the website.<\/p>\n<p><span style=\"color: #000080;\">Jos s\u00e4 lataat kuvia t\u00e4lle sivulle, niin kannattaa poistaa niist\u00e4 EXIF GPS tiedot. Silloin kukaan ei voi n\u00e4hd\u00e4 kuvien kautta miss\u00e4 ne on otettu. M\u00e4 en juurikaan itse k\u00e4yt\u00e4 EXIF GPS tietojen poistoa ohjelmia mutta oon n\u00e4hnyt niit\u00e4 verkossa. K\u00e4nnyk\u00e4t usein tallentaa paikkatietoja. Kannattaa s\u00e4\u00e4t\u00e4\u00e4 ettei ne tallenna.<\/span><\/p>\n<h3>Contact forms \/ <span style=\"color: #000080;\">Yhteydenotto lomakkeet<\/span><\/h3>\n<p>If you see contact forms on this site. They will be used to save your contact details and you can ask me to delete them over email. By default they will be saved on the WordPress installation and I might download a backup of the database.<\/p>\n<p><span style=\"color: #000080;\">Jos n\u00e4ill\u00e4 sivuilla vilahtelee yhteydenotto lomakkeita niin niiden tiedot tallentuu WordPress asennuksen tietokantaan. Voit pyyt\u00e4\u00e4 mua poistamaan sun henkil\u00f6tiedot s\u00e4hk\u00f6postitse, puhelimitse tai kasvotusten. Ne on salattuja, WordPress l\u00e4hett\u00e4\u00e4 mulle kuukausittain takatallennuksen tietokannasta ja voin tuhota sun tiedot my\u00f6s niist\u00e4 jos haluat. Takatallennukset on varastoitu mun p\u00f6yt\u00e4koneelle, joka on salattu.<\/span><\/p>\n<h3>Cookies \/ <span style=\"color: #000080;\">Ev\u00e4steet<\/span><\/h3>\n<p>If you leave a comment on our site you may opt-in to saving your name, email address and website in cookies. These are for your convenience so that you do not have to fill in your details again when you leave another comment. These cookies will last for one year.<\/p>\n<p>If you have an account and you log in to this site, we will set a temporary cookie to determine if your browser accepts cookies. This cookie contains no personal data and is discarded when you close your browser.<\/p>\n<p>When you log in, we will also set up several cookies to save your login information and your screen display choices. Login cookies last for two days, and screen options cookies last for a year. If you select &#8220;Remember Me&#8221;, your login will persist for two weeks. If you log out of your account, the login cookies will be removed.<\/p>\n<p>If you edit or publish an article, an additional cookie will be saved in your browser. This cookie includes no personal data and simply indicates the post ID of the article you just edited. It expires after 1 day.<\/p>\n<p><span style=\"color: #000080;\">Jos s\u00e4 j\u00e4t\u00e4t kommentteja n\u00e4ille sivuille (mik\u00e4 olis siisti\u00e4) niin voit s\u00e4\u00e4t\u00e4\u00e4 ettei sun nimi, s\u00e4hk\u00f6posti tai verkkosivut tallennu ev\u00e4steisiin (ettei kommenttiboksin sarakkeita esit\u00e4ytet\u00e4 kun olet kommentoimassa). Saat itse p\u00e4\u00e4tt\u00e4\u00e4. Kommentti-boksiin liittyvi\u00e4 ev\u00e4steit\u00e4 s\u00e4ilytet\u00e4\u00e4n sun selaimessa yhden vuoden ajan.<\/span><\/p>\n<p><span style=\"color: #000080;\">Jos sulla on tili t\u00e4h\u00e4n blogiin (ei ole) niin WordPress asennus hy\u00f6dynt\u00e4\u00e4 tilap\u00e4ist\u00e4 ev\u00e4steit\u00e4 jonka avulla se p\u00e4\u00e4ttelee hyv\u00e4ksyyk\u00f6 sun selain ev\u00e4steit\u00e4 lain. Siin\u00e4 ev\u00e4steess\u00e4 ei ole mit\u00e4\u00e4n k\u00e4ytt\u00e4j\u00e4tietoja tallennettuna (se on ilmeisesti vaan er\u00e4\u00e4n sortin tutka) ja se tuhoutuu kun suljet selaimen.<\/span><\/p>\n<p><span style=\"color: #000080;\">Mik\u00e4li s\u00e4 kirjautuisit t\u00e4h\u00e4n sivustoon niin sun on mahdollista tallentaa k\u00e4ytt\u00e4j\u00e4tietoja ev\u00e4steeseen. Kirjaantumista koskevaa ev\u00e4ste tilaa s\u00e4ilytet\u00e4\u00e4n kaksi p\u00e4iv\u00e4\u00e4 ja n\u00e4yt\u00f6n asetuksia koskevia ev\u00e4steit\u00e4 vuoden ajan. Jos kirjaantuessa valitsee &#8220;Muista minut&#8221; niin silloin pysyy sis\u00e4ll\u00e4 kahden viikon ajan. Kun kirjaantuu pois niin ev\u00e4steet poistetaan kanssa.<\/span><\/p>\n<p><span style=\"color: #000080;\">Kun julkaisee artikkeleita niin silloin latautuu ev\u00e4ste selaimeen joka pit\u00e4\u00e4 tiedossa sen postauksen numeron mink\u00e4 teki (tai mit\u00e4 just muokkas). Se tuhotaan 24h sis\u00e4\u00e4n.<\/span><\/p>\n<h3>Embedded content from other websites \/ Muilta sivustoilta tulevat ikkunoidut sis\u00e4ll\u00f6t.<\/h3>\n<p>Articles on this site may include embedded content (e.g. videos, images, articles, etc.). Embedded content from other websites behaves in the exact same way as if the visitor has visited the other website.<\/p>\n<p>These websites may collect data about you, use cookies, embed additional third-party tracking, and monitor your interaction with that embedded content, including tracing your interaction with the embedded content if you have an account and are logged in to that website.<\/p>\n<p><span style=\"color: #000080;\">Joissain postauksissa saattaa olla videoita, kuvia tms. mediaa, joka on l\u00e4ht\u00f6isin ulkopuolisilta sivuilta. Ne sivut tietty koittaa useimmiten p\u00f6lli\u00e4 kaiken mit\u00e4 saa ja myyd\u00e4 sen edelleen.\u00a0<\/span><\/p>\n<p><span style=\"color: #000080;\">Ne sivut mist\u00e4 ikkunoituja sis\u00e4lt\u00f6j\u00e4 tulee tekee ihan mit\u00e4 haluaa. En voi niille mit\u00e4\u00e4n ja toivottavasti joku EU laki tulee mik\u00e4 est\u00e4\u00e4 niit\u00e4 mullikoimasta k\u00e4ytt\u00e4j\u00e4datan kanssa. M\u00e4 luulen ett\u00e4 esim. youtubea voitaisiin kielt\u00e4\u00e4 ker\u00e4\u00e4m\u00e4st\u00e4 k\u00e4ytt\u00e4j\u00e4dataa ikkunoiduista medioista. Katotaan mit\u00e4 k\u00e4y.<\/span><\/p>\n<h3>Analytics<\/h3>\n<p>Read more on Analytics\u00a0<a href=\"https:\/\/jetpack.com\/support\/privacy\/#analytics\">set by the JetPack plugin<\/a> (JetPack is responsible collecting analytics on users).<\/p>\n<p><span style=\"color: #000080;\">Joo. T\u00e4\u00e4 sivu laskee vierailijoita. Sori. En haluais ett\u00e4 se tekee niin mutta toi JetPack plugin (joka mahdollisti &#8220;portfolio&#8221; sivurypp\u00e4\u00e4n tekemisen) toi ne tullessaan. M\u00e4 k\u00e4yt\u00e4n noita k\u00e4vij\u00e4tietoja vaan omien persojen mieltymysten kutitteluun. Kun mulla oli t\u00e4\u00e4 blogi ennen eri osoitteessa niin siell\u00e4 en ker\u00e4nnyt mit\u00e4\u00e4n k\u00e4ytt\u00e4j\u00e4tietoa (nyt kun yhdistin ton &#8220;portfolio&#8221; sivurypp\u00e4\u00e4n blogiin niin jouduin perehtym\u00e4\u00e4n niihin ja voin totee ett\u00e4 ne aiheuttaa samaa ahdistusta kuin some tykk\u00e4ykset muutenkin). Tyyliin n\u00e4en kuinka monta lukijaa postauksilla on (keskim\u00e4\u00e4rin alle 10\/per p\u00e4iv\u00e4 ollut kes\u00e4kuuhun 2018 saakka). Noita k\u00e4vij\u00e4tietoja selaamalla saa toisaalta ihan kivasti palautetta. On kiva huomata ett\u00e4 jotkut jutut levi\u00e4\u00e4 (jos niit\u00e4 v\u00e4litt\u00e4\u00e4 asianomaisille niin jengi jakaa eteenp\u00e4in). Noita tietoja ker\u00e4\u00e4 toi JetPack plugin (joka on t\u00e4n WordPressin kehityst\u00e4 kustantavan\u00a0<a style=\"color: #000080;\" href=\"https:\/\/en.wikipedia.org\/wiki\/Automattic\">Automattic<\/a> korporaation alainen \u2013 Sill\u00e4 on paska maine). M\u00e4 en tied\u00e4 mihin ne tarkalleen niit\u00e4 k\u00e4ytt\u00e4\u00e4 ja kenelle ne myy tietoja mutta niist\u00e4 voi <a style=\"color: #000080;\" href=\"https:\/\/jetpack.com\/support\/privacy\/#analytics\">lukea lis\u00e4\u00e4 t\u00e4\u00e4lt\u00e4<\/a>. M\u00e4 olen pahoillani t\u00e4st\u00e4.<\/span><\/p>\n<h2>Who we share your data with \/ <span style=\"color: #000080;\">Kenelle data p\u00e4\u00e4tyy<\/span><\/h2>\n<p>I&#8217;m a regular artist. I don&#8217;t share your data with anyone.<\/p>\n<p><span style=\"color: #000080;\">Olen tavallinen taiteilija. En jaa j\u00e4tt\u00e4m\u00e4\u00e4si dataa kenellekk\u00e4\u00e4n (Paitsi ett\u00e4 toi WordPress asennus sis\u00e4lt\u00e4\u00e4 em. JetPack lis\u00e4osan, mist\u00e4 tietoa yll\u00e4).<\/span><\/p>\n<h2>How long we retain your data \/ <span style=\"color: #000080;\">Miten pitk\u00e4\u00e4n dataa s\u00e4ilytet\u00e4\u00e4n<\/span><\/h2>\n<p>If you leave a comment, the comment and its metadata are retained indefinitely. This is so we can recognize and approve any follow-up comments automatically instead of holding them in a moderation queue.<\/p>\n<p>For users that register on our website (if any), we also store the personal information they provide in their user profile. All users can see, edit, or delete their personal information at any time (except they cannot change their username). Website administrators can also see and edit that information.<\/p>\n<p><span style=\"color: #000080;\">Kommentit s\u00e4ilyy ajasta ikuisuuteen (t\u00e4n asennuksen tietokannan takatallennuksissa ja tyyliin <a style=\"color: #000080;\" href=\"https:\/\/web.archive.org\/web\/20180301000000*\/https:\/\/eero.storijapan.net\/\">WayBack Machinessa<\/a>, mitenk\u00f6h\u00e4n sille k\u00e4y t\u00e4ss\u00e4 tietosuoja muutoksessa?).\u00a0<\/span><\/p>\n<p><span style=\"color: #000080;\">Jos t\u00e4st\u00e4 sivustosta tulee joskus sellainen ett\u00e4 porukka saa kirjaantua sis\u00e4\u00e4n niin silloin heist\u00e4 j\u00e4\u00e4 aikapaljon tietoa palveluun. Kirjaantuneet k\u00e4ytt\u00e4j\u00e4t voi tuhota omat tietonsa (paitsi k\u00e4ytt\u00e4j\u00e4nimen) jos haluaa. Mulla on sivun p\u00e4\u00e4k\u00e4ytt\u00e4j\u00e4n\u00e4 oikeus muuttaa muiden k\u00e4ytt\u00e4jien tietoja.<\/span><\/p>\n<h2>What rights you have over your data \/ <span style=\"color: #000080;\">Mill\u00e4 oikeudella pid\u00e4n dataasi<\/span><\/h2>\n<p>If you have an account on this site, or have left comments, you can request to receive an exported file of the personal data we hold about you, including any data you have provided to us. You can also request that we erase any personal data we hold about you. This does not include any data we are obliged to keep for administrative, legal, or security purposes.<\/p>\n<p><span style=\"color: #000080;\">En mill\u00e4\u00e4n oikeudella mutta kiitollisena. Jos haluat niin voin tuhota kaikki kommentit jne. mit\u00e4 olet t\u00e4lle sivulle luovuttanut. WordPressill\u00e4 on tossa valmiit ty\u00f6kalut tietojen tuhoamiseen mik\u00e4 on hyv\u00e4. Voit my\u00f6s pyyt\u00e4\u00e4 ett\u00e4 tuhoan sun tiedot noista takatallennuksista \u2013 Se ei ole helppoa mutta voin yritt\u00e4\u00e4. Ne on p\u00e4\u00e4s\u00e4\u00e4nt\u00f6isesti vaan mun omalla salatulla kovalevyll\u00e4 (ne tulee tosin spostin kautta eli voi olla ne niit\u00e4 l\u00f6ytyy my\u00f6s Louhen palvelimilta, mutta ne sijaitsee viime tiedon mukaan Euroopassa eli se kuuluu tietosuojan piiriin).\u00a0<\/span><\/p>\n<h2>Where we send your data \/ <span style=\"color: #000080;\">Minne data liikkuu?<\/span><\/h2>\n<p>Visitor comments may be checked through an automated spam detection service. Read <a href=\"https:\/\/wordpress.org\/plugins\/akismet-privacy-policies\/\">more on Akismet<\/a>.<\/p>\n<p><span style=\"color: #000080;\">Kommenttien data py\u00f6r\u00e4ytet\u00e4\u00e4n Akismet palvelun kautta (Lis\u00e4tietoja niiden <a style=\"color: #000080;\" href=\"https:\/\/wordpress.org\/plugins\/akismet-privacy-policies\/\">k\u00e4ytt\u00e4j\u00e4tietopolitiikasta t\u00e4\u00e4lt\u00e4<\/a>). Toivottavasti ne ei tajua k\u00e4ytt\u00e4\u00e4 sit\u00e4 tutkana (varmaan k\u00e4ytt\u00e4\u00e4). Akismet on kuitenkin aika hyv\u00e4 koska t\u00e4\u00e4kin hiljainen sivusto saa aikapaljon spammi viestej\u00e4 kuukaudessa.<\/span><\/p>\n<h2>Your contact information \/<span style=\"color: #000080;\"> Yhteistiedot<\/span><\/h2>\n<p>Eero Yli-Vakkuri<br \/>\n+358505729743<br \/>\neero \/\/\u00e4\u00e4t storijapan.net<\/p>\n<h2>Additional information \/ <span style=\"color: #000080;\">Lis\u00e4tietoja<\/span><\/h2>\n<h3>How we protect your data \/ Kuinka dataasi suojellaan<\/h3>\n<p>FileVault is a disk encryption program for Mac Os. It performs on-the-fly encryption with volumes on Mac Os.<\/p>\n<p><span style=\"color: #000080;\">Salaan Mac Os kovalevyni FileVaultilla. Se salaa tiedot lennosta. En tied\u00e4 mill\u00e4 sposti serveri (Louhi.net) on salattu. Sit\u00e4 k\u00e4ytet\u00e4\u00e4n WordPressin tietokannan takatalletuksen toimittamiseen.<\/span><\/p>\n<h3>What data breach procedures we have in place<\/h3>\n<p>All my data is stored locally on a Mac Os computer. If someone steals it they&#8217;ll have to break the encryption. If they can they will. I&#8217;m thinking about securing my computer to the desk with a chain.<\/p>\n<p><span style=\"color: #000080;\">Kaikki data on paikallisesti s\u00e4il\u00f6tty\u00e4 mun Mac Os tietokoneella. Jos joku p\u00f6llii sen ollaan kusessa. Mutta sen pit\u00e4\u00e4 silti murtaa toi salaus ett\u00e4 p\u00e4\u00e4see k\u00e4siksi tietoihin (mik\u00e4 on varmaan osaavalle helppoa). M\u00e4 oon tosissaan miettinyt ett\u00e4 pit\u00e4is laittaa kone kettingill\u00e4 kiinni p\u00f6yt\u00e4\u00e4n (meill\u00e4 oli rapussa murtovarkaus, siit\u00e4 se idea l\u00e4hti). Mulla ei oo edes kunnon takatallennusta t\u00e4st\u00e4 koneesta t\u00e4ll\u00e4hetkell\u00e4.<\/span><\/p>\n","protected":false},"excerpt":{"rendered":"<p>Who we are \/ Kuka t\u00e4t\u00e4 sivua pit\u00e4\u00e4 Our website address is: https:\/\/eero.storijapan.net\/docfolio. T\u00e4n verkkosivun osoite on\u00a0https:\/\/eero.storijapan.net\/docfolio ja sit\u00e4 pit\u00e4\u00e4 Eero itse Louhi.net serverill\u00e4 joka on vuokrattu. Vuokraserveri sijaitsee vissiin Lauttasaaressa. What personal data we collect and why we collect it \/ Mit\u00e4 k\u00e4ytt\u00e4j\u00e4tietoja t\u00e4m\u00e4 WordPress asennus ker\u00e4\u00e4\u00a0 ja mihin niit\u00e4 k\u00e4ytet\u00e4\u00e4n Comments \/ Kommentit &hellip; <\/p>\n<p class=\"link-more\"><a href=\"https:\/\/eero.storijapan.net\/docfolio\/privacy-policy\/\" class=\"more-link\">Continue reading<span class=\"screen-reader-text\"> &#8220;Privacy Policy&#8221;<\/span><\/a><\/p>\n","protected":false},"author":1,"featured_media":0,"parent":0,"menu_order":0,"comment_status":"closed","ping_status":"closed","template":"","meta":{"jetpack_post_was_ever_published":false,"footnotes":""},"class_list":["post-3778","page","type-page","status-publish","hentry"],"jetpack_sharing_enabled":true,"_links":{"self":[{"href":"https:\/\/eero.storijapan.net\/docfolio\/wp-json\/wp\/v2\/pages\/3778","targetHints":{"allow":["GET"]}}],"collection":[{"href":"https:\/\/eero.storijapan.net\/docfolio\/wp-json\/wp\/v2\/pages"}],"about":[{"href":"https:\/\/eero.storijapan.net\/docfolio\/wp-json\/wp\/v2\/types\/page"}],"author":[{"embeddable":true,"href":"https:\/\/eero.storijapan.net\/docfolio\/wp-json\/wp\/v2\/users\/1"}],"replies":[{"embeddable":true,"href":"https:\/\/eero.storijapan.net\/docfolio\/wp-json\/wp\/v2\/comments?post=3778"}],"version-history":[{"count":0,"href":"https:\/\/eero.storijapan.net\/docfolio\/wp-json\/wp\/v2\/pages\/3778\/revisions"}],"wp:attachment":[{"href":"https:\/\/eero.storijapan.net\/docfolio\/wp-json\/wp\/v2\/media?parent=3778"}],"curies":[{"name":"wp","href":"https:\/\/api.w.org\/{rel}","templated":true}]}}